{"id":102,"date":"2015-04-10T22:47:46","date_gmt":"2015-04-10T22:47:46","guid":{"rendered":"http:\/\/www.tes.as\/?page_id=102"},"modified":"2025-04-21T15:49:42","modified_gmt":"2025-04-21T14:49:42","slug":"havnehuset","status":"publish","type":"page","link":"https:\/\/www.tes.as\/?page_id=102","title":{"rendered":"Hamnehuset"},"content":{"rendered":"<p>Hamnehuset er tilgjengelig til utleie for enkle arrangement m.m.<\/p>\n<p>Tilstanden p\u00e5 Hamnehuset er dessverre noe slitt, og det er derfor begrenset til hvilke form\u00e5l huset kan leies ut.<\/p>\n<p>Ta kontakt med Styremedlem 2 p\u00e5 e-post <span style=\"color: #3366ff;\">styremedlem2@tes.as<\/span> for sp\u00f8rsm\u00e5l.<\/p>\n\n\n<p><\/p>\n","protected":false},"excerpt":{"rendered":"<p>Hamnehuset er tilgjengelig til utleie for enkle arrangement m.m. Tilstanden p\u00e5 Hamnehuset er dessverre noe slitt, og det er derfor begrenset til hvilke form\u00e5l huset kan leies ut. Ta kontakt med Styremedlem 2 p\u00e5 e-post styremedlem2@tes.as for sp\u00f8rsm\u00e5l.<\/p>\n","protected":false},"author":3,"featured_media":0,"parent":0,"menu_order":0,"comment_status":"closed","ping_status":"closed","template":"","meta":{"footnotes":""},"class_list":["post-102","page","type-page","status-publish","hentry"],"_links":{"self":[{"href":"https:\/\/www.tes.as\/index.php?rest_route=\/wp\/v2\/pages\/102","targetHints":{"allow":["GET"]}}],"collection":[{"href":"https:\/\/www.tes.as\/index.php?rest_route=\/wp\/v2\/pages"}],"about":[{"href":"https:\/\/www.tes.as\/index.php?rest_route=\/wp\/v2\/types\/page"}],"author":[{"embeddable":true,"href":"https:\/\/www.tes.as\/index.php?rest_route=\/wp\/v2\/users\/3"}],"replies":[{"embeddable":true,"href":"https:\/\/www.tes.as\/index.php?rest_route=%2Fwp%2Fv2%2Fcomments&post=102"}],"version-history":[{"count":8,"href":"https:\/\/www.tes.as\/index.php?rest_route=\/wp\/v2\/pages\/102\/revisions"}],"predecessor-version":[{"id":850,"href":"https:\/\/www.tes.as\/index.php?rest_route=\/wp\/v2\/pages\/102\/revisions\/850"}],"wp:attachment":[{"href":"https:\/\/www.tes.as\/index.php?rest_route=%2Fwp%2Fv2%2Fmedia&parent=102"}],"curies":[{"name":"wp","href":"https:\/\/api.w.org\/{rel}","templated":true}]}}