{"id":152,"date":"2015-05-07T09:25:56","date_gmt":"2015-05-07T09:25:56","guid":{"rendered":"http:\/\/www.tes.as\/?page_id=152"},"modified":"2025-10-28T20:02:21","modified_gmt":"2025-10-28T19:02:21","slug":"kjop-av-batplass","status":"publish","type":"page","link":"https:\/\/www.tes.as\/?page_id=152","title":{"rendered":"Kj\u00f8p av b\u00e5tplass"},"content":{"rendered":"<p>Tennfjord Og Eidsvik Sm\u00e5 b\u00e5tlag er ei popul\u00e6r sm\u00e5b\u00e5thavn. Vi har stadig foresp\u00f8rsler p\u00e5 kj\u00f8p av b\u00e5tplass. Vi har pr. dato plasser ledig for salg og korttids utleie samt noen plasser som er utleid p\u00e5 korttidsleie (Se kart over havna for \u00e5 se hvem som er ledig).<\/p>\n<p><strong>\u00d8nske om b\u00e5tplass<\/strong> og medlemskap, eller bare medlemskap. Ta kontakt med Nestleder p\u00e5 <a href=\"mailto:nestformann@tes.as\"><span style=\"color: #3366ff;\">nestformann@tes.as<\/span><\/a>. Som har oversikt over ledige plasser.<\/p>\n<p>Vi m\u00e5 ha f\u00f8lgende informasjon:<br \/>* Navn, Adresse, e-post og telefon (mobiltelefon)<br \/>* \u00d8nsket st\u00f8rrelse p\u00e5 plass, bredde og lengde (6 eller 8 meter.)<\/p>\n<p><strong>Pris for kj\u00f8p av b\u00e5tplass<\/strong>, se under prislisten \u00a713 under <a href=\"http:\/\/www.tes.as\/?page_id=366\">Hamneregelement.<\/a><\/p>\n<h2 class=\"entry-title\"><a href=\"http:\/\/www.tes.as\/?p=485\" rel=\"bookmark\">Melding til alle som skal kj\u00f8pe plass i havna!<\/a><\/h2>\n<div class=\"entry-content\">\n<p>Alle som kj\u00f8per plass i havna, m\u00e5 sende e-post med f\u00f8lgende vedlegg:<\/p>\n<ol>\n<li>Bilde av b\u00e5ten (tatt fra siden og fra fronten, se eksempel nedenfor).<\/li>\n<li>Nr. p\u00e5 b\u00e5tplass (Stemplet p\u00e5 hver b\u00e5tplass).<\/li>\n<li>Kopi av forsikringsbevis.<\/li>\n<\/ol>\n<p>Sendes til :\u00a0<strong>bat@tes.as<\/strong><\/p>\n<p><a href=\"http:\/\/www.tes.as\/wp-content\/uploads\/2018\/05\/Skjermbilde.jpg\"><img loading=\"lazy\" decoding=\"async\" class=\"alignnone size-full wp-image-500\" src=\"http:\/\/www.tes.as\/wp-content\/uploads\/2018\/05\/Skjermbilde.jpg\" alt=\"\" width=\"534\" height=\"284\" \/><\/a><\/p>\n<\/div>\n\n\n<p><\/p>\n","protected":false},"excerpt":{"rendered":"<p>Tennfjord Og Eidsvik Sm\u00e5 b\u00e5tlag er ei popul\u00e6r sm\u00e5b\u00e5thavn. Vi har stadig foresp\u00f8rsler p\u00e5 kj\u00f8p av b\u00e5tplass. Vi har pr. dato plasser ledig for salg og korttids utleie samt noen plasser som er utleid p\u00e5 korttidsleie (Se kart over havna&#8230; <a class=\"more-link\" href=\"https:\/\/www.tes.as\/?page_id=152\">Fortsett \u00e5 lese &rarr;<\/a><\/p>\n","protected":false},"author":5,"featured_media":0,"parent":0,"menu_order":0,"comment_status":"closed","ping_status":"closed","template":"","meta":{"footnotes":""},"class_list":["post-152","page","type-page","status-publish","hentry"],"_links":{"self":[{"href":"https:\/\/www.tes.as\/index.php?rest_route=\/wp\/v2\/pages\/152","targetHints":{"allow":["GET"]}}],"collection":[{"href":"https:\/\/www.tes.as\/index.php?rest_route=\/wp\/v2\/pages"}],"about":[{"href":"https:\/\/www.tes.as\/index.php?rest_route=\/wp\/v2\/types\/page"}],"author":[{"embeddable":true,"href":"https:\/\/www.tes.as\/index.php?rest_route=\/wp\/v2\/users\/5"}],"replies":[{"embeddable":true,"href":"https:\/\/www.tes.as\/index.php?rest_route=%2Fwp%2Fv2%2Fcomments&post=152"}],"version-history":[{"count":19,"href":"https:\/\/www.tes.as\/index.php?rest_route=\/wp\/v2\/pages\/152\/revisions"}],"predecessor-version":[{"id":881,"href":"https:\/\/www.tes.as\/index.php?rest_route=\/wp\/v2\/pages\/152\/revisions\/881"}],"wp:attachment":[{"href":"https:\/\/www.tes.as\/index.php?rest_route=%2Fwp%2Fv2%2Fmedia&parent=152"}],"curies":[{"name":"wp","href":"https:\/\/api.w.org\/{rel}","templated":true}]}}