{"id":28,"date":"2015-04-01T18:04:22","date_gmt":"2015-04-01T18:04:22","guid":{"rendered":"http:\/\/www.tes.as\/?page_id=28"},"modified":"2018-03-19T14:45:22","modified_gmt":"2018-03-19T14:45:22","slug":"utleie-2","status":"publish","type":"page","link":"https:\/\/www.tes.as\/?page_id=28","title":{"rendered":"Utleie"},"content":{"rendered":"<p>Tennfjord og Eidsvik Sm\u00e5b\u00e5tlag tilbyr utleie av slipp, b\u00e5tplasser og parkering av henger p\u00e5 parkeringsplass. Se i v\u00e5res undermeny for dei ulike tilbudene.<\/p>\n<p>Foresp\u00f8rsel p\u00e5 utleie sendes skriftlig til styret. Trykk her\u00a0<a href=\"mailto:utleie@tes.as\">nestfromann@tes.as<\/a>\u00a0for \u00e5 sende epost.<\/p>\n","protected":false},"excerpt":{"rendered":"<p>Tennfjord og Eidsvik Sm\u00e5b\u00e5tlag tilbyr utleie av slipp, b\u00e5tplasser og parkering av henger p\u00e5 parkeringsplass. Se i v\u00e5res undermeny for dei ulike tilbudene. Foresp\u00f8rsel p\u00e5 utleie sendes skriftlig til styret. Trykk her\u00a0nestfromann@tes.as\u00a0for \u00e5 sende epost.<\/p>\n","protected":false},"author":3,"featured_media":0,"parent":0,"menu_order":0,"comment_status":"closed","ping_status":"open","template":"","meta":{"footnotes":""},"class_list":["post-28","page","type-page","status-publish","hentry"],"_links":{"self":[{"href":"https:\/\/www.tes.as\/index.php?rest_route=\/wp\/v2\/pages\/28","targetHints":{"allow":["GET"]}}],"collection":[{"href":"https:\/\/www.tes.as\/index.php?rest_route=\/wp\/v2\/pages"}],"about":[{"href":"https:\/\/www.tes.as\/index.php?rest_route=\/wp\/v2\/types\/page"}],"author":[{"embeddable":true,"href":"https:\/\/www.tes.as\/index.php?rest_route=\/wp\/v2\/users\/3"}],"replies":[{"embeddable":true,"href":"https:\/\/www.tes.as\/index.php?rest_route=%2Fwp%2Fv2%2Fcomments&post=28"}],"version-history":[{"count":7,"href":"https:\/\/www.tes.as\/index.php?rest_route=\/wp\/v2\/pages\/28\/revisions"}],"predecessor-version":[{"id":431,"href":"https:\/\/www.tes.as\/index.php?rest_route=\/wp\/v2\/pages\/28\/revisions\/431"}],"wp:attachment":[{"href":"https:\/\/www.tes.as\/index.php?rest_route=%2Fwp%2Fv2%2Fmedia&parent=28"}],"curies":[{"name":"wp","href":"https:\/\/api.w.org\/{rel}","templated":true}]}}