{"id":341,"date":"2018-03-18T20:37:55","date_gmt":"2018-03-18T20:37:55","guid":{"rendered":"http:\/\/www.tes.as\/?page_id=341"},"modified":"2020-04-14T16:35:49","modified_gmt":"2020-04-14T16:35:49","slug":"nye-vetekter","status":"publish","type":"page","link":"https:\/\/www.tes.as\/?page_id=341","title":{"rendered":"Vedtekter for Tennfjord og Eidsvik sm\u00e5b\u00e5tlag"},"content":{"rendered":"<p>&nbsp;<\/p>\n<h1>\u00a71 Namn \u2013 juridisk eining<\/h1>\n<ul>\n<li>Laget sitt namn er Tennfjord og Eidsvik Sm\u00e5b\u00e5tlag, heretter kalla TES. TES skal vere registrert i Einingsregisteret og Frivillighetsregisteret (Br\u00f8nn\u00f8ysund) og er tildelt org nr. 976&nbsp;859&nbsp;111.<\/li>\n<li>TES er eit sj\u00f8lveigd og frittst\u00e5ande juridisk objekt med upersonleg og avgrensa ansvar for gjeld. Ingen enkeltmedlemmar kan disponere over TES si formue, har krav p\u00e5 utdeling av overskot eller hefter for TES si gjeld.<\/li>\n<\/ul>\n<p>&nbsp;<\/p>\n<h1>\u00a72 F\u00f8rem\u00e5l<\/h1>\n<ul>\n<li>TES har til f\u00f8rem\u00e5l \u00e5 samle b\u00e5tinteresserte i arbeidet for \u00e5 skape og vedlikehalde eit godt b\u00e5tmilj\u00f8 i sikker b\u00e5thamn i omr\u00e5det Tennfjord \/ Eidsvik.<\/li>\n<li>TES har og til f\u00f8rem\u00e5l \u00e5 konstruktivt samarbeide med kommune og andre styresmakter og organisasjonar til fordel for medlemmane, samt kjempe mot forureining av sj\u00f8 og strender.<\/li>\n<\/ul>\n<p>&nbsp;<\/p>\n<h1>\u00a73 Medlemskap<\/h1>\n<ul>\n<li>Som medlem kan TES sitt styre ta opp ein kvar b\u00e5tinteressert som er einig i, og vil arbeide for, TES sitt f\u00f8rem\u00e5l. Medlemskapet f\u00f8lgjer kalender\u00e5ret og vert fornya automatisk om oppseiing ikkje er motteken innan utgangen av \u00e5ret.<\/li>\n<\/ul>\n<p>&nbsp;<\/p>\n<h1>\u00a74 Medlemsplikter og tilslutning til TES<\/h1>\n<ul>\n<li>Medlemskap i TES f\u00f8reset at vedtekter og hamnereglement som er tilgjengelege p\u00e5 TES sin nettstad er lest og akseptert. Ikkje motteken oppseiing av medlemskap vert tolka som medlemmet sin aksept av desse styrande dokumenta slik dei til ei kvar tid er oppdaterte.<\/li>\n<li>Kvart medlem har eit sj\u00f8lvstendig ansvar for skriftleg \u00e5 oppgje rett e-postadresse og mobiltelefonnummer til TES sin formann og halde slik informasjon oppdatert.<\/li>\n<li>Kvart medlem har plikt til \u00e5 halde seg informert om tidspunkt for organiserte dugnadar ved \u00e5 sjekke TES sin nettstad, eller ved \u00e5 kontakte styret.<\/li>\n<\/ul>\n<p>&nbsp;<\/p>\n<h1>\u00a75 Medlems-kategoriar<\/h1>\n<ul>\n<li>TES tilbyr to forskjellige medlemskap;<\/li>\n<li>A-medlem (dei som har gjort innskot i hamna for \u00e5 f\u00e5 tilvist b\u00e5tplass)<\/li>\n<li>B-medlem (dei som ikkje har gjort innskot). Avgrensa rettar, sj\u00e5 nedanfor.<\/li>\n<\/ul>\n<p>&nbsp;<\/p>\n<h1>\u00a76 A-medlemmar<\/h1>\n<ul>\n<li>A-medlemmar skal nyte fulle rettar etter desse vedtektene.<\/li>\n<li>A-medlemskap gir eit medlem rett til \u00e5 leggje ut b\u00e5t i tilvist b\u00e5tplass.<\/li>\n<li>Ved teikning av medlemskap skal TES tildele innskotsbevis.<\/li>\n<\/ul>\n<p>&nbsp;<\/p>\n<h1>\u00a77 B-medlemmar<\/h1>\n<ul>\n<li>B-medlemmar skal nyte fulle rettar p\u00e5 TES sine landfasilitetar, og vert prioritert ved ynskje om oppgradering til A-medlemskap framfor dei som ikkje har medlemskap. Sameleis vert B-medlemer prioritert ved ynskje om leige av b\u00e5tplass utan innskot.<\/li>\n<li>B-medlemmar har ikkje stemmerett i \u00e5rsm\u00f8te. Alle medlemmar har likevel lik tale- og forslags rett.<\/li>\n<li>Betalt faktura for medlemsavgift tener som medlemsbevis.<\/li>\n<\/ul>\n<p>&nbsp;<\/p>\n<h1>\u00a78 Medlemsavgift, B\u00e5tplassavgift og Innskot<\/h1>\n<ul>\n<li>Alle medlemmar skal betale medlemsavgift.<\/li>\n<li>A-Medlemmar skal i tillegg betale b\u00e5tplassavgift.<\/li>\n<li>Medlemsavgifta og b\u00e5tplassavgifta f\u00f8lgjer kalender\u00e5ret.<\/li>\n<li>TES kan velje \u00e5 fakturere elektronisk p\u00e5 e-post o.l., so vel som manuelt.<\/li>\n<li>Innskot og b\u00e5tplassavgift vert basert p\u00e5 b\u00e5tplassen sin breidde, senter-senter utriggarar.<\/li>\n<li>Innskot for b\u00e5tplass vert rekna som NOK 10.000,- pr breiddemeter, justert etter norsk konsumprisindeks pr f\u00f8reg\u00e5ande desember , der indeksen pr desember 2017 vert rekna som faktor 1. (KPI-JAE = 105 for desember 2017).Sj\u00e5 prisliste i Hamnereglement \u00a713.<\/li>\n<li>Medlemmar som har behov for utriggarar ut over standard, kan f\u00e5 dette, men m\u00e5 dekke kostnader ved ekstra b\u00e5tplassavgift. Dette er gjeldande fr\u00e5 2018. Standard utrustning til b\u00e5tplass er: 1 gangriggar a 6m og 1 mellomriggar a 6m.<\/li>\n<li>Innskot vert tilbakebetalt ved avslutting av medlemskapet s\u00e5 snart TES har formidla plassen til anna medlem. Der vert gjort fr\u00e5drag for eit formidlingsgebyr, bestemt av \u00e5rsm\u00f8tet. Tilbakebetalinga vert justert etter konsumprisindeks sameleis som ovanfor. Tilbakebetalinga skjer mot tilbakelevering av innskotsbevis.Sj\u00e5 prisliste i Hamnereglement \u00a713.<\/li>\n<\/ul>\n<p>&nbsp;<\/p>\n<h1>\u00a79 Framleige<\/h1>\n<ul>\n<li>Medlemmane kan ikkje drive privat framleige av sin tilviste b\u00e5tplass. Plass som ikkje vert nytta kan i samr\u00e5d med den som disponerer plassen, leigast ut av styret i samsvar Hamnereglementet.Sj\u00e5 prisliste i Hamnereglement \u00a713.<\/li>\n<\/ul>\n<p>&nbsp;<\/p>\n<h1>\u00a710 Suspensjon \/ Eksklusjon<\/h1>\n<ul>\n<li>Medlem som ved sin oppf\u00f8rsel vekkjer anst\u00f8yt og\/eller opptrer forargeleg, verkar til skade for TES, eller ikkje retter seg etter TES sine vedtekter og hamnereglar, kan av styret suspenderast, og i grovare tilfelle ekskluderast. Denne avgjerda kan ankast inn for \u00c5rsm\u00f8tet, som ved alminneleg stemmefleirtal fattar endeleg avgjerd. Eit medlem<br \/>\nsom vert ekskludert&nbsp;mister samstundes retten til \u00e5 disponere b\u00e5tplass hos TES.<\/li>\n<li>Dersom TES sine avgifter ikkje er betalt innan 1 mnd etter forfallsdato, kan TES sitt styre etter gitt varsel, stryke vedkomande som medlem, og tilvist b\u00e5tplass vert f\u00f8rt tilbake til TES.<\/li>\n<li>Gjeldande for begge avsnitt ovanfor; Oppgjer for innskot ihht \u00a78.<\/li>\n<\/ul>\n<p>&nbsp;<\/p>\n<h1>\u00a711 Ordin\u00e6r oppseiing &#8211; Avslutta medlemskap<\/h1>\n<ul>\n<li>Utmelding m\u00e5 skje skriftleg og vere TES sitt styre i hende innan \u00e5rets utl\u00f8p for \u00e5 unng\u00e5 at medlemsavgift og b\u00e5tplassavgift for p\u00e5f\u00f8lgjande \u00e5r vert kravd. Avgifter vert ikkje betalt tilbake ved oppseiing i l\u00f8pet av \u00e5ret.<\/li>\n<li>TES skal tilbakebetale innskot til A-medlemer ihht \u00a78.<\/li>\n<\/ul>\n<p>&nbsp;<\/p>\n<h1>\u00a712 Arv og overtaking innan familie<\/h1>\n<ul>\n<li>Eit medlem kan vidaref\u00f8re tilvist plass til n\u00e6raste familie. Overtakinga m\u00e5 dokumenterast skriftleg, anten med signatur fr\u00e5 utg\u00e5ande medlem og innkomande medlem, eller dokumentert arveoppgjer.<\/li>\n<li>Innskotsbevis fr\u00e5 utg\u00e5ande medlem skal leverast inn og skrivast ut til nytt medlem. TES vil d\u00e5 rekna det nye medlemmet som rettmessig eigar av innskotet.<\/li>\n<\/ul>\n<h1>\u00a713 Dugnadsplikt<\/h1>\n<ul>\n<li>Alle medlemmar i alder opp til aldersgrense fastsett av \u00e5rsm\u00f8tet, m\u00e5 p\u00e5rekna \u00e5rleg dugnadsplikt.<\/li>\n<li>Dugnadsarbeidet p\u00e5 landfasilitetane skal fordelast likt mellom alle medlemmane. Dugnadsarbeidet p\u00e5 bryggjene skal fordelast likt mellom A-medlemmane.<\/li>\n<li>\u00c5rsm\u00f8tet fastset pliktig tal p\u00e5 timer for respektive A-, og B-medlemmer, og kva timesats eit medlem m\u00e5 betale for dugnad som ikkje er utf\u00f8rt.<\/li>\n<\/ul>\n<p>&nbsp;<\/p>\n<h1>$14 Styrande organ<\/h1>\n<p>TES sine styrande organ er:<\/p>\n<p>1)&nbsp; \u00c5rsm\u00f8te<\/p>\n<p>2)&nbsp; Styret<\/p>\n<p>3)&nbsp;Komitear utnemnd av styret eller \u00e5rsm\u00f8tet<\/p>\n<p>&nbsp;<\/p>\n<h1>$15 \u00c5rsm\u00f8tet<\/h1>\n<ul>\n<li>\u00c5rsm\u00f8tet er TES sitt \u00f8vste organ og vert halde kvart \u00e5r innan utgangen av mars.<\/li>\n<\/ul>\n<p>&nbsp;<\/p>\n<h1>$16 \u00c5rsm\u00f8tet &#8211; Innkalling<\/h1>\n<ul>\n<li>Medlemmane vert kalla inn med 3 vekers varsel ved SMS eller e-post.<\/li>\n<li>Styret kan sende innkalling til \u00c5rsm\u00f8te og anna informasjon pr e-post. Informasjon om tilfeldige saker \/ innkomne forslag vert ikkje n\u00f8dvendigvis greia ut om i innkallinga, men innkallinga skal d\u00e5 vise vidare til TES sin nettstad eller andre kjelder som gjev slik informasjon.<\/li>\n<li>Den som m\u00e5 ha innkallinga og informasjonen via ordin\u00e6r post m\u00e5 aktivt bestille dette fr\u00e5 TES sin formann.<\/li>\n<\/ul>\n<p>&nbsp;<\/p>\n<h1>\u00a717 \u00c5rsm\u00f8tet &#8211; Forslag<\/h1>\n<ul>\n<li>Saker som ein ynskjer behandla p\u00e5 \u00c5rsm\u00f8tet m\u00e5 beskrivast for TES sitt styre seinast 15. februar.<\/li>\n<\/ul>\n<p>&nbsp;<\/p>\n<h1>\u00a718 \u00c5rsm\u00f8tet &#8211; Agenda<\/h1>\n<ul>\n<li>Saksgang i \u00c5rsm\u00f8tet skal vere;<\/li>\n<li>Registrering av framm\u00f8te<\/li>\n<li>Godkjenning av innkalling og sakliste<\/li>\n<li>Val av m\u00f8teleiar<\/li>\n<li>Val av referent<\/li>\n<li>Val av 2 personar til \u00e5 underskrive \u00e5rsm\u00f8teprotokoll<\/li>\n<li>\u00c5rsm\u00f8tet behandlar deretter;<\/li>\n<li>\u00c5rsmelding<\/li>\n<\/ul>\n<ul>\n<li>Revidert rekneskap<\/li>\n<li>Planar og budsjett for det komande \u00e5r inkludert<\/li>\n<li>Fastsetjing av nye satsar i prisliste i Hamnereglementet \u00a713<\/li>\n<li>\u00d8vrige oppdateringar av Hamnereglementet<\/li>\n<\/ul>\n<ul>\n<li>Innkomne forslag<\/li>\n<li>Gjennomf\u00f8re val p\u00e5:<br \/>\n-Formann &nbsp;&nbsp;&nbsp;&nbsp;&nbsp;&nbsp;&nbsp;&nbsp;&nbsp;&nbsp;&nbsp;&nbsp;&nbsp;&nbsp;&nbsp;&nbsp;&nbsp; (vald for 1 \u00e5r ved &nbsp;direkte val)<br \/>\n-Styremedlemmar &nbsp;&nbsp;&nbsp;&nbsp; (vald for 2 \u00e5r (*) for \u00e5 erstatte&nbsp; &nbsp; &nbsp; &nbsp; &nbsp; &nbsp; &nbsp; &nbsp; &nbsp; &nbsp; &nbsp; &nbsp; &nbsp; &nbsp; &nbsp; &nbsp; &nbsp; &nbsp; &nbsp; &nbsp; &nbsp; &nbsp; &nbsp; &nbsp; &nbsp; &nbsp; &nbsp; &nbsp; &nbsp; &nbsp; &nbsp; &nbsp; &nbsp; &nbsp; &nbsp; &nbsp; &nbsp; &nbsp; &nbsp; &nbsp; &nbsp; &nbsp; &nbsp; &nbsp; &nbsp; &nbsp; &nbsp; &nbsp; &nbsp; &nbsp; &nbsp; &nbsp; &nbsp; &nbsp; utg\u00e5ande styremedlemmar)<br \/>\n-Valkomit\u00e9&nbsp;&nbsp;&nbsp;&nbsp;&nbsp;&nbsp;&nbsp;&nbsp;&nbsp;&nbsp;&nbsp;&nbsp;&nbsp;&nbsp;&nbsp;&nbsp; (3 medlemmer)<br \/>\n-Revisor<\/li>\n<\/ul>\n<p>(*) Styret skal setjast saman slik at kontinuiteten vert sikra. Styremedlemmar kan&nbsp; &nbsp; &nbsp; &nbsp; &nbsp; &nbsp; &nbsp; &nbsp; &nbsp; &nbsp; &nbsp; &nbsp; veljast for 1 \u00e5r for \u00e5 f\u00e5 dette til.<\/p>\n<ul>\n<li>\u00c5rsm\u00f8tet er vedtaksf\u00f8rt n\u00e5r det er innkalla i samsvar med vedtektene.&nbsp;Vedtak i \u00e5rsm\u00f8tet vert avgjort med alminneleg fleirtal, men endring av vedtekter og oppl\u00f8ysing av TES er s\u00e6rskilt omhandla av vedtekter nedanfor.Ved stemmelikskap gjer den fungerande formannen si stemme utslaget.<\/li>\n<li>Tillitsverv kan ved val gjevast alle medlemmane. Alle kan mota attval, men har rett til \u00e5 nekte attval for like lang tid som dei har fungert som tillitsvald.<\/li>\n<\/ul>\n<p>&nbsp;<\/p>\n<h1>$19 Styret \u2013 Samansetjing<\/h1>\n<p>(1) Tes skal leiast av eit styre vald blant A-medlemmane, som f\u00f8lgjer;<\/p>\n<p>-Formann, &nbsp;&nbsp;&nbsp;&nbsp;&nbsp;&nbsp;&nbsp;&nbsp;&nbsp;&nbsp;&nbsp;&nbsp;&nbsp;&nbsp;&nbsp;&nbsp; overordna<\/p>\n<p>-Nestformann&nbsp;&nbsp;&nbsp;&nbsp;&nbsp;&nbsp;&nbsp;&nbsp;&nbsp;&nbsp;&nbsp;&nbsp; medl.reg ajour, adm salg\/utleige, bruk av straum\/vatn<\/p>\n<p>-Kasserar&nbsp; &nbsp;&nbsp;&nbsp;&nbsp;&nbsp;&nbsp;&nbsp;&nbsp;&nbsp;&nbsp;&nbsp;&nbsp;&nbsp;&nbsp;&nbsp;&nbsp;&nbsp; \u00f8konomi, fakturering, budsjett,<\/p>\n<p>-Styremedlem nr 1&nbsp;&nbsp;&nbsp;&nbsp; Hamnefogd; tilstand bryggje, slipp, hall , all fort\u00f8ying,&nbsp; &nbsp; &nbsp; &nbsp; &nbsp; &nbsp; &nbsp; &nbsp; &nbsp; &nbsp; &nbsp; &nbsp; &nbsp; &nbsp; &nbsp; &nbsp; &nbsp; &nbsp; &nbsp; &nbsp; &nbsp; &nbsp; &nbsp; &nbsp; &nbsp; &nbsp; &nbsp; &nbsp; &nbsp; &nbsp; &nbsp; &nbsp; &nbsp; &nbsp; organisering av dugnad<\/p>\n<p>-Styremedlem nr 2&nbsp;&nbsp;&nbsp;&nbsp; Husfogd; tilstand og utleige, overvaknings-syst. for hus&nbsp; &nbsp; &nbsp; &nbsp; &nbsp; &nbsp; &nbsp; &nbsp; &nbsp; &nbsp; &nbsp; &nbsp; &nbsp; &nbsp; &nbsp; &nbsp; &nbsp; &nbsp; &nbsp; &nbsp; &nbsp; &nbsp; &nbsp; &nbsp; &nbsp; &nbsp; &nbsp; &nbsp; &nbsp; &nbsp; &nbsp; &nbsp; &nbsp;og hamn<\/p>\n<p>-Varamedlem.<\/p>\n<ul>\n<li>Formann og kasserar vert vald av \u00e5rsm\u00f8tet direkte, medan dei resterande rollene vert fordelt av styret sj\u00f8lv og gitt til kjenne p\u00e5 TES sin nettstad straks etter f\u00f8rste styrem\u00f8te. Varamedlem skal kallast inn ved melding om forfall, men varamedlem kan og m\u00f8te i fulltalig styre utan stemmerett, men med talerett.<\/li>\n<\/ul>\n<p>&nbsp;<\/p>\n<h1>\u00a720 Styret \u2013 Oppg\u00e5ver og ansvar<\/h1>\n<ul>\n<li>Styret har det administrative mynde, representerer TES eksternt, utf\u00f8rer alle aktuelle forretningar, kallar inn til m\u00f8ter og har ansvar for TES sin \u00f8konomi i samsvar med budsjett vedteke p\u00e5 \u00c5rsm\u00f8tet, og tek i vare TES sine ansvar elles.<\/li>\n<li>Styret har mandat til \u00e5 overskride kostnadsbudsjettet med inntil 10%. Overskridinga kan vere b\u00e5de i sum over dei budsjetterte utgiftspostane, og utgiftspost som ikkje er budsjettert. St\u00f8rre overskriding krev avgjersle i \u00c5rsm\u00f8tet.<\/li>\n<\/ul>\n<ul>\n<li>Styret utnemner dei komiteane og utvala som er n\u00f8dvendige for \u00e5 l\u00f8yse bestemte oppg\u00e5ver med mindre desse vert valde p\u00e5 \u00e5rsm\u00f8tet. Styret avgjer ogs\u00e5 rammene for oppg\u00e5vene slike komitear skal utf\u00f8re.<\/li>\n<\/ul>\n<ul>\n<li>Styret held m\u00f8te s\u00e5 ofte dei finn det n\u00f8dvendig og skal legge fram for det ordin\u00e6re \u00e5rsm\u00f8tet ei \u00c5rsmelding om TES si drift, og revidert rekneskap.<\/li>\n<\/ul>\n<ul>\n<li>Styret kan gjere vedtak n\u00e5r formann\/-nestformann og minst 2 styremedlemmer er til stades. Formann og eit styremedlem pliktar i fellesskap med sine underskrifter TES like overfor tredjemann. Formann og kasserer signerer p\u00e5 fakturaer over 75&nbsp;000 Nok.<\/li>\n<\/ul>\n<p>&nbsp;<\/p>\n<h1>$21 Valkomite<\/h1>\n<ul>\n<li>Valkomiteen leverer si innstilling til \u00c5rsm\u00f8tet gjennom styret, seinast 14 dagar f\u00f8r \u00e5rsm\u00f8tet.<\/li>\n<\/ul>\n<p>&nbsp;<\/p>\n<h1>$22 Ekstraordin\u00e6rt \u00c5rsm\u00f8te<\/h1>\n<ul>\n<li>Styret kan n\u00e5r det finn det n\u00f8dvendig, og skal, n\u00e5r minst 25 medlemmar krev det, med skriftleg angitt dei sakene medlemmane ynskjer handsama, innkalle til Ekstraordin\u00e6rt \u00c5rsm\u00f8te. N\u00e5r krav fr\u00e5 medlemmane utl\u00f8yser Ekstraordin\u00e6rt \u00c5rsm\u00f8te, skal styret sende ut innkalling seinast ei veke etter mottatt krav fr\u00e5 medlemmane.<\/li>\n<\/ul>\n<p>&nbsp;<\/p>\n<ul>\n<li>Innkallinga skal sendast ut 8 til 16 dagar f\u00f8r det Ekstraordin\u00e6re \u00c5rsm\u00f8tet og skal angi dei sakene som skal handsamast.<\/li>\n<\/ul>\n<p>&nbsp;<\/p>\n<h1>$23 Endring av Vedtekter<\/h1>\n<ul>\n<li>Vedtektene kan endrast b\u00e5de i ordin\u00e6rt og Ekstraordin\u00e6rt \u00c5rsm\u00f8te. Vedtak m\u00e5 fattast med 2\/3 fleirtal av dei framm\u00f8tte.<\/li>\n<li>Forslag til endring av-, eller tillegg til disse vedtektene skal leggjast fram i innkallinga.<\/li>\n<\/ul>\n<p>&nbsp;<\/p>\n<h1>\u00a724 Oppl\u00f8ysing \/ Samansl\u00e5ing<\/h1>\n<ul>\n<li>Oppl\u00f8ysing eller samansl\u00e5ing med andre lag kan berre skje ved vedtak p\u00e5 ordin\u00e6rt \u00c5rsm\u00f8te etter at saka har vore varsla i innkallinga. Vedtak om oppl\u00f8ysing \/ samansl\u00e5ing m\u00e5 ha 2\/3 fleirtal og minst 25% av A-medlemmane m\u00e5 vere til stades p\u00e5 m\u00f8tet. (Stemmerett berre for A-medlemmer, ref \u00a77).<\/li>\n<li>Etter at avgjerd om oppl\u00f8ysing er gjort skal styret sitt forslag til avvikling handsamast og avgjerast ved alminneleg stemmefleirtal.<\/li>\n<\/ul>\n<ul>\n<li>\u00c5rsm\u00f8tet som vedtek oppl\u00f8ysing skal gjere val av styremedlemmer p\u00e5 vanleg m\u00e5te. Dette avviklingsstyret har ansvar for drift av TES i avviklingsperioden og for \u00e5 gjennomf\u00f8re oppl\u00f8ysinga, gjere opp TES sine forpliktingar, og overf\u00f8re moglege resterande midlar til ein s\u00e6rskilt bankkonto der dei er dedikerte til bruk som eigenkapital for eit nytt sm\u00e5b\u00e5tlag i omr\u00e5det Tennfjord \/ Eidsvik.<\/li>\n<\/ul>\n<ul>\n<li>Ei slik overf\u00f8ring av midlar til nytt sm\u00e5b\u00e5tlag f\u00f8reset at nytt sm\u00e5b\u00e5tlag er stifta f\u00f8r oppl\u00f8ysinga av TES er fullbyrda. Til liks med TES, skal det nye sm\u00e5b\u00e5tlaget vere opent for alle \u00e5 teikne medlemskap i.<\/li>\n<\/ul>\n<ul>\n<li>\u00c5rsm\u00f8tet som vedtek oppl\u00f8ysinga, kan alternativt vedta \u00e5 overf\u00f8re resterande midlar til andre opne, frivillige foreiningar i omr\u00e5det Tennfjord\/Eidsvik. TES sine verdiar, sin eigedom, eigedelar, eller rettar, kan ikkje i noko tilfelle tilfalle eller tildelast enkeltpersonar, i eller utanfor TES, utanom tilbakebetaling av innskot ihht \u00a78.<\/li>\n<\/ul>\n<ul>\n<li>Samansl\u00e5ing er berre mogleg n\u00e5r vedtektene til det nye samansl\u00e5tte laget er tufta p\u00e5 openheit og frivilligheit som beskrive i disse vedtektene.<\/li>\n<\/ul>\n<p>&nbsp;<\/p>\n<h1>\u00a725 Gyldigheit<\/h1>\n<ul>\n<li>Vedtektene ovanfor gjeld fr\u00e5 dato p\u00e5 \u00c5rsm\u00f8tet som vedtek vedtektene\/endringane.<\/li>\n<\/ul>\n","protected":false},"excerpt":{"rendered":"<p>&nbsp; \u00a71 Namn \u2013 juridisk eining Laget sitt namn er Tennfjord og Eidsvik Sm\u00e5b\u00e5tlag, heretter kalla TES. TES skal vere registrert i Einingsregisteret og Frivillighetsregisteret (Br\u00f8nn\u00f8ysund) og er tildelt org nr. 976&nbsp;859&nbsp;111. TES er eit sj\u00f8lveigd og frittst\u00e5ande juridisk objekt&#8230; <a class=\"more-link\" href=\"https:\/\/www.tes.as\/?page_id=341\">Fortsett \u00e5 lese &rarr;<\/a><\/p>\n","protected":false},"author":3,"featured_media":0,"parent":0,"menu_order":0,"comment_status":"closed","ping_status":"closed","template":"","meta":{"footnotes":""},"class_list":["post-341","page","type-page","status-publish","hentry"],"_links":{"self":[{"href":"https:\/\/www.tes.as\/index.php?rest_route=\/wp\/v2\/pages\/341","targetHints":{"allow":["GET"]}}],"collection":[{"href":"https:\/\/www.tes.as\/index.php?rest_route=\/wp\/v2\/pages"}],"about":[{"href":"https:\/\/www.tes.as\/index.php?rest_route=\/wp\/v2\/types\/page"}],"author":[{"embeddable":true,"href":"https:\/\/www.tes.as\/index.php?rest_route=\/wp\/v2\/users\/3"}],"replies":[{"embeddable":true,"href":"https:\/\/www.tes.as\/index.php?rest_route=%2Fwp%2Fv2%2Fcomments&post=341"}],"version-history":[{"count":10,"href":"https:\/\/www.tes.as\/index.php?rest_route=\/wp\/v2\/pages\/341\/revisions"}],"predecessor-version":[{"id":627,"href":"https:\/\/www.tes.as\/index.php?rest_route=\/wp\/v2\/pages\/341\/revisions\/627"}],"wp:attachment":[{"href":"https:\/\/www.tes.as\/index.php?rest_route=%2Fwp%2Fv2%2Fmedia&parent=341"}],"curies":[{"name":"wp","href":"https:\/\/api.w.org\/{rel}","templated":true}]}}