{"id":366,"date":"2018-03-19T11:37:40","date_gmt":"2018-03-19T11:37:40","guid":{"rendered":"http:\/\/www.tes.as\/?page_id=366"},"modified":"2025-10-26T22:57:11","modified_gmt":"2025-10-26T21:57:11","slug":"hemnereglement-for-tennfjord-og-eidsvik-smabatlag","status":"publish","type":"page","link":"https:\/\/www.tes.as\/?page_id=366","title":{"rendered":"Hamnereglement"},"content":{"rendered":"<h5><\/h5>\n<h1>\u00a71 Organisering<\/h1>\n<ul>\n<li>Styret gjer vedtak med omsyn til drift og vedlikehald av TES sitt anlegg, innanfor rammene av vedtekter og \u00e5rsm\u00f8tevedtak.<\/li>\n<li>Styret utnemner og myndiggjer komitear og grupper som n\u00f8dvendig for \u00e5 l\u00f8yse dugnadsoppg\u00e5ver.<\/li>\n<\/ul>\n<p>(3) N\u00e5r dette reglementet viser til medlemmar i TES sitt styre, kan medlemmet kontakte den som h\u00f8ver best etter f\u00f8lgjande ansvarsfordeling; (kopi fr\u00e5 vedtektene \u00a719)<\/p>\n<ol>\n<li><strong>Styreleder,<\/strong>\u00a0 \u00a0 \u00a0 \u00a0 \u00a0 \u00a0 \u00a0 Overordna<\/li>\n<li><strong>Nestleder,<\/strong>\u00a0 \u00a0 \u00a0 Medlems register, administrere salg\/utleige, bruk av straum\/vatn<\/li>\n<li><strong>Kasserar,\u00a0<\/strong>\u00a0 \u00a0 \u00a0 \u00a0 \u00a0 \u00a0 \u00a0 \u00d8konomi, fakturering, budsjett,<\/li>\n<li><strong>Styremedlem 1,<\/strong>\u00a0 Hamnefogd; tilstand bryggje, slipp, hall , all fort\u00f8ying, org dugnad<\/li>\n<li><strong>Styremedlem 2,<\/strong>\u00a0Husfogd; tilstand og utleige, overvakningssystem for hus og hamn<\/li>\n<\/ol>\n<p>TES sin nettstad er \u00e5 finne p\u00e5 <a href=\"http:\/\/www.tes.as\">www.tes.as<\/a><\/p>\n<p>Epost-addresser;<\/p>\n<ol>\n<li><a href=\"mailto:formann@tes.as\">formann@tes.as<\/a><\/li>\n<li><a href=\"mailto:nestformann@tes.as\">nestformann@tes.as<\/a><\/li>\n<li><a href=\"mailto:kasserer@tes.as\">kasserer@tes.as<\/a><\/li>\n<li><a href=\"mailto:styremedlem1@tes.as\">styremedlem1@tes.as<\/a><\/li>\n<li><a href=\"mailto:styremedlem2@tes.as\">styremedlem2@tes.as<\/a><\/li>\n<\/ol>\n<h1>\u00a72 Generelt<\/h1>\n<ul>\n<li>Ved tvist mellom medlemmer kva ang\u00e5r tolking av Vedtektene og Hamnereglane skal styret vere tvisteinstans.<\/li>\n<\/ul>\n<ul>\n<li>B\u00e5tplassen skal berre nyttast til den b\u00e5ten som medlemmet, eller n\u00e6raste familie, eller nokon i same husstand disponerer (eig\/leiger). Framande b\u00e5tar, eller b\u00e5tar med manglande merking som vert fort\u00f8ydd i medlemsplasser, vert sjekka med den som har f\u00e5tt plassen tilvist, og eventuelt bortvist.<\/li>\n<\/ul>\n<ul>\n<li>Det er kun styret som har lov \u00e5 iverksette tiltak av varig karakter p\u00e5 bryggjene. (boring, sveising, sliping, justering av plassbreidde, mm)<\/li>\n<\/ul>\n<ul>\n<li>Parkeringsplassen utgjer alt opparbeidd areal tilh\u00f8yrande hamna og skal berre nyttast til parkering av bil og evt b\u00e5thengar som inng\u00e5r i dagleg oml\u00f8p og drift av hamna. Plassering av bil, b\u00e5t, tilhengar m.m. over tid er berre tillate mot s\u00e6rskilt avtale om opplagsplass, sj\u00e5 \u00a713 prisliste. Alle hengarar skal merkast med namn.<\/li>\n<\/ul>\n<h1>\u00a73 Varsomheit \u2013 Ansvar &#8211; Forsikring<\/h1>\n<ul>\n<li>All bruk av hamna (opptrekk, utsetting, transport, opplag av b\u00e5tar i hamna, all ferdsel p\u00e5 omr\u00e5det, mm) skjer p\u00e5 kvart enkelt medlem sitt eige ansvar.<\/li>\n<li>Den som p\u00e5f\u00f8rer skade p\u00e5 TES sin eigedom eller utstyr plikter \u00e5 erstatte skadane.<\/li>\n<\/ul>\n<ul>\n<li>Alle brukarar av hamna pliktar \u00e5 straks melde fr\u00e5 til styret om ein kjem over skadar, eller forhold som kan f\u00f8re til skadar.<\/li>\n<li>Alle plikter \u00e5 vise st\u00f8rst mogleg varsemd ved man\u00f8vrering i hamneomr\u00e5det, og unng\u00e5 \u00e5 skape sj\u00f8ar som p\u00e5f\u00f8rer slitasje eller irritasjon.<\/li>\n<\/ul>\n<h1>\u00a74 Utleige<\/h1>\n<ul>\n<li>Styret administrerer utleige av B\u00e5tplassar, samt tilgang til slipp, slippvogn, hall, opplagsplass, og hamnestova etter denne og dei andre paragrafane nedanfor, og etter prisliste i \u00a713.<\/li>\n<\/ul>\n<h1>\u00a75 Bryggjer \u2013 Tildeling av plass<\/h1>\n<ul>\n<li>Styret tilviser b\u00e5tplass b\u00e5de for dei som har innskot og dei som leiger b\u00e5tplass. Styret har rett til \u00e5 rokere til ei kvar tid slik som det h\u00f8ver best for TES som fellesskap.<\/li>\n<\/ul>\n<ul>\n<li>Endring av breidde p\u00e5 b\u00e5tplass skal meldast til styret, som s\u00e5 langt som r\u00e5d skal tildele endring i den rekkef\u00f8lge ynskja har kome inn. Ynskje om endring fr\u00e5 eksisterande A-medlemmar skal g\u00e5 f\u00f8re ynskje om b\u00e5tplass fr\u00e5 B-medlemmar, som igjen er prioriterte framf\u00f8re ikkje-medlemmar.<\/li>\n<\/ul>\n<ul>\n<li>Leigetakar skal f\u00f8lgje alle vedtekter og regler p\u00e5 same m\u00e5te som ordin\u00e6re medlemmar.<\/li>\n<\/ul>\n<h1>\u00a76 Bryggjer \u2013 Bruk og Fort\u00f8ying<\/h1>\n<ul>\n<li>Ved fort\u00f8ying pliktar b\u00e5teigar \u00e5 sj\u00e5 til at utriggarar har lengde som er tilpassa b\u00e5ten, og ved tvil kontakte styret. Ved f\u00f8rste gongs fort\u00f8ying av b\u00e5tar over 30 fot skal styret kontaktast uansett.<\/li>\n<\/ul>\n<ul>\n<li>B\u00e5tar lengre enn 18 fot skal ha fendring p\u00e5 kvar side som effektivt hindrar skroget \u00e5 kome i direkte kontakt med utriggar. Det skal vere forsvarleg klaring mellom b\u00e5t og utriggarar.<\/li>\n<\/ul>\n<ul>\n<li>Alle b\u00e5tar st\u00f8rre enn 18 fot skal ha strekkavlaster p\u00e5 fort\u00f8ying til begge sider, b\u00e5de forut og akter. Det skal berre fort\u00f8yast i fort\u00f8yingsbeslaga p\u00e5 utriggarane. Det er ikkje lov \u00e5 bruke metall i feste mot beslaga p\u00e5 utriggarane ettersom det vil skade korrosjonsbeskyttelsen p\u00e5 utriggaren.<\/li>\n<li>Alle m\u00e5 bruke forsvarlege og tilstrekkeleg dimensjonerte fort\u00f8yingar for \u00e5 sikre sin eigen b\u00e5t, og anlegget som heilheit.<\/li>\n<li>Ved uver skal b\u00e5teigar sj\u00e5 til at ekstra fort\u00f8ying vert lagt ut om n\u00f8dvendig.<\/li>\n<\/ul>\n<ul>\n<li>Segl\/mesansegl m\u00e5 takast ned og mesanbom svingast inn\/opp n\u00e5r b\u00e5tane ligg i bryggjene.<\/li>\n<\/ul>\n<ul>\n<li>B\u00e5tane m\u00e5 ikkje plasserast slik at baugspyd\/anker o.l. stikk vesentleg inn over gangbryggje utan \u00e5 avklare dette med styret.<\/li>\n<\/ul>\n<h1>\u00a77 Slipp og Slippvogn<\/h1>\n<ul>\n<li>Slippen kan fritt nyttast av medlemmar, eller andre som har betalt avgift. TES kan anvende l\u00e5st stengsel p\u00e5 slippen for \u00e5 hindre at uvedkomande brukar han. All bruk er p\u00e5 eige ansvar. Spesielt minner TES alle brukarar om \u00e5 kontrollere friksjonsforholda i slippen, og anvende sikring om n\u00f8dvendig, for \u00e5 unng\u00e5 at ekvipasjar sklir. TES gjer rein slippen for algar kun med ujamne mellomrom. Slippen kan difor ha god friksjon der den er t\u00f8rr, men lav friksjon og fare for \u00e5 skli der slik groe er v\u00e5t.<\/li>\n<\/ul>\n<ul>\n<li>Slippvogna og vinsjen m\u00e5 kun betenast av utnemnde personar som har oppl\u00e6ring. Informasjon er \u00e5 finne p\u00e5 TES sin nettstad.<\/li>\n<\/ul>\n<h1>\u00a78 Hamnestova<\/h1>\n<ul>\n<li>Hamnestova kan nyttast som m\u00f8testad for medlemmane i TES, b\u00e5de formelt og sosialt. Formell bruk har prioritet framf\u00f8re bruk til sosiale aktivitetar.<\/li>\n<\/ul>\n<ul>\n<li>Tilgang til Hamnestova vert regulert enten med n\u00f8kkelkopi til alle medlemmar, eller kodel\u00e5s som gir alle medlemmar lik tilgang.<\/li>\n<\/ul>\n<ul>\n<li>Den som leiger \/ nyttar huset pliktar \u00e5 unng\u00e5 skade p\u00e5 hus og inventar, samt \u00e5 gjere reint etter seg. Kravet om reinhald gjeld spesielt n\u00e5r WC-fasilitet vert nytta, der ein understrekar at TES ikkje har l\u00f8na reinhaldarar.<\/li>\n<\/ul>\n<ul>\n<li>Inngangspartiet til Hamnestova vert overvaka med kamera.<\/li>\n<li>Hyblar p\u00e5 loftet kan leigast ut slik styret finn det tenleg. Styret er ansvarleg for \u00e5 ivareta branntryggleik, t.d. brannvarslarar, brannsl\u00f8kkjeutstyr, r\u00f8mmingsvegar, mm. (<em>ikkje tilgjengelig<\/em>).<\/li>\n<\/ul>\n<h1>\u00a79 Vedlikehald<\/h1>\n<ul>\n<li>Kvart medlem m\u00e5 sj\u00f8lv s\u00f8rge for mindre vedlikehald av tilvist b\u00e5tplass, her medrekna fjerning av groe, tang og tare. NB; Boring, sveising, sliping, justering av plassbreidde mm, er ikkje lov \u00e5 utf\u00f8re p\u00e5 eige initiativ.<\/li>\n<li>Dersom det skulle oppst\u00e5 feil eller manglar ved b\u00e5tplassen som den enkelte ikkje kan ordne sj\u00f8lv, skal styret kontaktast.<\/li>\n<li>Vedlikehald av hamna vert organisert av Styret. &#8211; Dugnadsplikt ihht vedtekter<\/li>\n<\/ul>\n<ul>\n<li>Alle medlemmar er ansvarleg for \u00e5 rapportere utf\u00f8rt dugnad seinast ved ordin\u00e6rt \u00e5rsm\u00f8te.<\/li>\n<\/ul>\n<h1>\u00a710 Orden \u2013 Forureining<\/h1>\n<ul>\n<li>Bryggjene skal haldast fri for teiner, garn, tauverk, o.l. ettersom dette skjemmer ut hamna og utgjer snublefelle. Ein m\u00e5 ikkje p\u00e5 nokon m\u00e5te skitne til nabob\u00e5tane.<\/li>\n<li>Slakting av fisk langs bryggjene, eller p\u00e5 land er ikkje tillate. Fiskeavfall skal ikkje etterlatast i hamna. Hamn, b\u00e5tar og bryggjer skal holdast reine for fiskeavfall og anna s\u00f8ppel bl.a. for \u00e5 hindre at fuglar og dyr grisar til anlegget.<\/li>\n<\/ul>\n<h1>\u00a711 Straum \u2013 Vatn<\/h1>\n<ul>\n<li>Vatn er til vederlagsfri bruk for alle medlemmane i TES.<\/li>\n<li>Straum er tilgjengeleg for alle medlemmar for kortvarig bruk under oppsyn, ved arbeid p\u00e5 b\u00e5t og hamn, slik som; batterilading, st\u00f8vsuging, sliping, vasking o.l.<\/li>\n<\/ul>\n<ul>\n<li>Forbruk av straum til oppvarming \/ t\u00f8rking av b\u00e5t, og anna permanent eller straumkrevjande bruk er berre tillate etter avtale med styret, og skal betalast s\u00e6rskilt. Straumforbruket skal dokumenterast med plombert straumm\u00e5lar medlem sj\u00f8lv m\u00e5 halde, eller p\u00e5 anna konservativt vis beregnast.<\/li>\n<\/ul>\n<ul>\n<li>Tilkopling av straum om bord vil f\u00f8re til auka fare for brann om bord, og fare for galvanisk korrosjon som ogs\u00e5 kan skade b\u00e5tar i n\u00e6rleiken. Styret kan difor krevje ei synfaring om bord f\u00f8r tilkopling vert akseptert. Medlemmen har uansett det fulle ansvaret for at anlegget fungerer feilfritt og har ansvaret om feil skulle oppst\u00e5.<\/li>\n<\/ul>\n<ul>\n<li>Bruk av skilletrafo p\u00e5 anlegget om bord for \u00e5 redusere risiko for galvanisk korrosjon vert anbefala.<\/li>\n<\/ul>\n<ul>\n<li>Straumkablar skal vere minimum 1,5 mm2 (x3) gummikabel av type Ho7RN-F eller tilsvarande marint godkjent kabel. Kablane p\u00e5 bryggene skal ha t\u00f8rre st\u00f8psel, vere fri for irr\/korrosjon\/skadar og vere utan sk\u00f8yter mellom straum-uttak og b\u00e5t.<\/li>\n<\/ul>\n<h1>\u00a712 Identifisering \u2013 Merking<\/h1>\n<ul>\n<li>B\u00e5tane som ligg ved bryggjene skal kunne identifiserast med registreringsnummer eller namn. Kvart medlem med b\u00e5t i hamna pliktar \u00e5 sende bilete av ei side av sin b\u00e5t til <a href=\"mailto:bat@tes.as\">bat@tes.as<\/a> slik at b\u00e5tar kan identifiserast. Emnefeltet p\u00e5 eposten skal vere medlemmen sitt namn og plassnummer i hamna.Styret har ansvar for registeret over b\u00e5tane som har fast plass i hamna.<\/li>\n<\/ul>\n<h1>\u00a713 Prisliste<\/h1>\n<p>Prisliste \u2013 Fastsett i kvart \u00e5rsm\u00f8te<\/p>\n<p>-innskot\u00a0 2025\u00a0 \u00a0 \u00a0 \u00a0 \u00a0 \u00a0 \u00a0 \u00a0 \u00a0 \u00a0 \u00a0 \u00a0 \u00a0 \u00a0 \u00a0 \u00a0 \u00a0 \u00a0 \u00a0 \u00a0 \u00a0 \u00a0 \u00a0 \u00a0NOK 12.552,- \/ breiddemeter b\u00e5tplass *<\/p>\n<p>(Oppgjer for innskot kan fordelast p\u00e5 to like innskudd innev\u00e6rande og p\u00e5f\u00f8lgande \u00e5r etter tildeling av plass).<\/p>\n<p>-formidlingsgebyr ved eigarskifte\u00a0 \u00a0 \u00a0 \u00a0 \u00a0 \u00a0 \u00a0 NOK 2.500,-<\/p>\n<p>-medlemsavgift A-medl\u00a0 \u00a0 \u00a0 \u00a0 \u00a0 \u00a0 \u00a0 \u00a0 \u00a0 \u00a0 \u00a0 \u00a0 \u00a0 \u00a0 \u00a0 \u00a0 NOK 1.000,-<\/p>\n<p>-medlemsavgift B-medl\u00a0\u00a0\u00a0\u00a0\u00a0\u00a0\u00a0\u00a0\u00a0\u00a0\u00a0\u00a0\u00a0\u00a0\u00a0\u00a0\u00a0\u00a0\u00a0\u00a0\u00a0\u00a0\u00a0\u00a0\u00a0\u00a0\u00a0\u00a0\u00a0\u00a0\u00a0 NOK 1.000,-<\/p>\n<p>-b\u00e5tplassavgift A-medlem\u00a0\u00a0\u00a0\u00a0\u00a0\u00a0\u00a0\u00a0\u00a0\u00a0\u00a0\u00a0\u00a0\u00a0\u00a0\u00a0\u00a0\u00a0\u00a0\u00a0\u00a0\u00a0\u00a0\u00a0\u00a0\u00a0\u00a0 NOK 900,- \/ b.m. b\u00e5tplass<\/p>\n<p>-b\u00e5tplassavgift tillegg for lang utriggar\u00a0 \u00a0 \u00a0NOK 250,-<\/p>\n<p>-b\u00e5tplassavgift tillegg for 2 x gangriggar\u00a0 NOK 250,-<\/p>\n<p>-leigesats b\u00e5tplass uke 35-17\u00a0 \u00a0 \u00a0 \u00a0 \u00a0 \u00a0 \u00a0 \u00a0 \u00a0 \u00a0 \u00a0 NOK 200,- pr uke (minimum leietid 8 uker)<\/p>\n<p>-leigesats b\u00e5tplass uke 18-34\u00a0 \u00a0 \u00a0 \u00a0 \u00a0 \u00a0 \u00a0 \u00a0 \u00a0 \u00a0 \u00a0 NOK 300,- pr uke (minimum leietid 8 uker)<\/p>\n<p>-dugnadsplikt aldersgrense fritak\u00a0 \u00a0 \u00a0 \u00a0 \u00a0 \u00a0 \u00a0 65 \u00e5r<\/p>\n<p>-dugnadsplikt timetal \u00a0\u00a0\u00a0\u00a0\u00a0\u00a0\u00a0\u00a0\u00a0\u00a0 A-medlem\u00a0\u00a0\u00a0\u00a0\u00a0\u00a0\u00a0\u00a0\u00a0\u00a0\u00a0\u00a0\u00a0\u00a0\u00a0\u00a0\u00a0 10 timar\/\u00e5r<\/p>\n<p>-dugnadsplikt timetal \u00a0\u00a0\u00a0\u00a0\u00a0\u00a0\u00a0\u00a0\u00a0\u00a0 B-medlem\u00a0\u00a0\u00a0\u00a0\u00a0\u00a0\u00a0\u00a0\u00a0\u00a0\u00a0\u00a0\u00a0\u00a0\u00a0\u00a0\u00a0 5 timar\/\u00e5r<\/p>\n<p>-dugnadsplikt timesats for frikj\u00f8p \u00a0\u00a0\u00a0\u00a0\u00a0\u00a0\u00a0\u00a0\u00a0\u00a0\u00a0\u00a0\u00a0\u00a0 NOK 200,- \/ time<\/p>\n<p>-leigesats for slipp m vogn til ikkje-medl.\u00a0\u00a0 NOK 250,- \/ dag<\/p>\n<p>-leigesats for slipp u vogn til ikkje-medl\u00a0\u00a0\u00a0\u00a0 NOK 200,- \/ pr gang m egen bil og henger<\/p>\n<p>-Leigesats for opplagsplass\u00a0 \u00a0 \u00a0 \u00a0 \u00a0 \u00a0 \u00a0 \u00a0 \u00a0 \u00a0 \u00a0 \u00a0 \u00a0 \u00a0 NOK 0,-<\/p>\n<p>-leigesats for hall\u00a0 \u00a0 \u00a0 \u00a0 \u00a0 \u00a0 \u00a0 \u00a0 \u00a0 \u00a0 \u00a0 \u00a0 \u00a0 \u00a0 \u00a0 \u00a0 \u00a0 \u00a0 \u00a0 \u00a0 \u00a0 \u00a0&#8211; NOK50\/m2\/ pr mnd<\/p>\n<p>-straumpris\u00a0 \u00a0 \u00a0 \u00a0 \u00a0 \u00a0 \u00a0 \u00a0 \u00a0 \u00a0 \u00a0 \u00a0 \u00a0 \u00a0 \u00a0 \u00a0 \u00a0 \u00a0 \u00a0 \u00a0 \u00a0 \u00a0 \u00a0 \u00a0 \u00a0 \u00a0 \u00a0 \u00a0NOK 1,8 \/ kWh, ref \u00a711<\/p>\n<p>-leigesats Hamnestova\u00a0 \u00a0 \u00a0 \u00a0 \u00a0 \u00a0 \u00a0 \u00a0 \u00a0 \u00a0 \u00a0 \u00a0 \u00a0 \u00a0 \u00a0 \u00a0 \u00a0 \u00a0NOK 1.500,- pr dag eks reingjering<\/p>\n<p>*Innskot er definert som 10.000,-\/breiddemeter v \u00e5rsskiftet 2017\/2018 og skal justerast kvart \u00e5r basert p\u00e5 norsk konsumprisindeks (KPI-JAE) for desember i forkant av \u00e5rsm\u00f8tet ved f\u00f8lgjande utrekning;<\/p>\n<p>Innskot\u00a0 = (10.000 x \u00abKPI-JAE\u00bb fr\u00e5 f\u00f8rre desember) \/ 105<\/p>\n<p>105 er KPI-JAE for desember 2017 (KPI-JAE Des 2024 er 131,2)<\/p>\n<p>Satsane er gjeldande fr\u00e5 \u00e5rsm\u00f8tedato, men satsar som omhandlar \u00e5rlege avgifter er gjeldande fr\u00e5 1 januar, sj\u00f8lv om \u00e5rsm\u00f8tet er halde nokre m\u00e5nadar seinare.<\/p>\n","protected":false},"excerpt":{"rendered":"<p>\u00a71 Organisering Styret gjer vedtak med omsyn til drift og vedlikehald av TES sitt anlegg, innanfor rammene av vedtekter og \u00e5rsm\u00f8tevedtak. Styret utnemner og myndiggjer komitear og grupper som n\u00f8dvendig for \u00e5 l\u00f8yse dugnadsoppg\u00e5ver. (3) N\u00e5r dette reglementet viser til&#8230; <a class=\"more-link\" href=\"https:\/\/www.tes.as\/?page_id=366\">Fortsett \u00e5 lese &rarr;<\/a><\/p>\n","protected":false},"author":3,"featured_media":0,"parent":0,"menu_order":0,"comment_status":"closed","ping_status":"closed","template":"","meta":{"footnotes":""},"class_list":["post-366","page","type-page","status-publish","hentry"],"_links":{"self":[{"href":"https:\/\/www.tes.as\/index.php?rest_route=\/wp\/v2\/pages\/366","targetHints":{"allow":["GET"]}}],"collection":[{"href":"https:\/\/www.tes.as\/index.php?rest_route=\/wp\/v2\/pages"}],"about":[{"href":"https:\/\/www.tes.as\/index.php?rest_route=\/wp\/v2\/types\/page"}],"author":[{"embeddable":true,"href":"https:\/\/www.tes.as\/index.php?rest_route=\/wp\/v2\/users\/3"}],"replies":[{"embeddable":true,"href":"https:\/\/www.tes.as\/index.php?rest_route=%2Fwp%2Fv2%2Fcomments&post=366"}],"version-history":[{"count":23,"href":"https:\/\/www.tes.as\/index.php?rest_route=\/wp\/v2\/pages\/366\/revisions"}],"predecessor-version":[{"id":879,"href":"https:\/\/www.tes.as\/index.php?rest_route=\/wp\/v2\/pages\/366\/revisions\/879"}],"wp:attachment":[{"href":"https:\/\/www.tes.as\/index.php?rest_route=%2Fwp%2Fv2%2Fmedia&parent=366"}],"curies":[{"name":"wp","href":"https:\/\/api.w.org\/{rel}","templated":true}]}}