{"id":64,"date":"2015-04-01T19:01:33","date_gmt":"2015-04-01T19:01:33","guid":{"rendered":"http:\/\/www.tes.as\/?page_id=64"},"modified":"2023-03-16T21:08:29","modified_gmt":"2023-03-16T20:08:29","slug":"utleie-av-batplass","status":"publish","type":"page","link":"https:\/\/www.tes.as\/?page_id=64","title":{"rendered":"Utleie av b\u00e5tplass"},"content":{"rendered":"<p>Tennfjord &amp; Eidsvik Sm\u00e5b\u00e5tlag tilbyr utleie av b\u00e5tplass.<\/p>\n<p>Utleiepriser finnes i \u00a713 under fanen <a href=\"http:\/\/www.tes.as\/?page_id=366\">Hamnereglement<\/a><\/p>\n<p style=\"text-align: justify;\">Ta kontakt med Nestformann\u00a0for leie av b\u00e5tplass.<br \/>\nVed leie av b\u00e5tplass, skal det sendes skriftlig henvendelse til <a title=\"epost formann\" href=\"mailto:nestformann@tes.as\">nestformann@tes.as<\/a><\/p>\n<h2 class=\"entry-title\">Melding til alle som leier plass i havna!<\/h2>\n<div class=\"entry-content\">\n<p>Alle som leier plass i havna, m\u00e5 sende e-post med f\u00f8lgende vedlegg:<\/p>\n<ol>\n<li>Bilde av b\u00e5ten (tatt fra siden og fra fronten, se eksempel nedenfor).<\/li>\n<li>Nr. p\u00e5 b\u00e5tplass (Stemplet p\u00e5 hver b\u00e5tplass).<\/li>\n<li>Kopi av forsikringsbevis.<\/li>\n<\/ol>\n<p>Sendes til :\u00a0<strong>bat@tes.as<\/strong><\/p>\n<p><a href=\"http:\/\/www.tes.as\/wp-content\/uploads\/2018\/05\/Skjermbilde.jpg\"><img loading=\"lazy\" decoding=\"async\" class=\"alignnone size-full wp-image-500\" src=\"http:\/\/www.tes.as\/wp-content\/uploads\/2018\/05\/Skjermbilde.jpg\" alt=\"\" width=\"534\" height=\"284\" \/><\/a><\/p>\n<\/div>\n","protected":false},"excerpt":{"rendered":"<p>Tennfjord &amp; Eidsvik Sm\u00e5b\u00e5tlag tilbyr utleie av b\u00e5tplass. Utleiepriser finnes i \u00a713 under fanen Hamnereglement Ta kontakt med Nestformann\u00a0for leie av b\u00e5tplass. Ved leie av b\u00e5tplass, skal det sendes skriftlig henvendelse til nestformann@tes.as Melding til alle som leier plass i&#8230; <a class=\"more-link\" href=\"https:\/\/www.tes.as\/?page_id=64\">Fortsett \u00e5 lese &rarr;<\/a><\/p>\n","protected":false},"author":3,"featured_media":0,"parent":0,"menu_order":0,"comment_status":"closed","ping_status":"open","template":"","meta":{"footnotes":""},"class_list":["post-64","page","type-page","status-publish","hentry"],"_links":{"self":[{"href":"https:\/\/www.tes.as\/index.php?rest_route=\/wp\/v2\/pages\/64","targetHints":{"allow":["GET"]}}],"collection":[{"href":"https:\/\/www.tes.as\/index.php?rest_route=\/wp\/v2\/pages"}],"about":[{"href":"https:\/\/www.tes.as\/index.php?rest_route=\/wp\/v2\/types\/page"}],"author":[{"embeddable":true,"href":"https:\/\/www.tes.as\/index.php?rest_route=\/wp\/v2\/users\/3"}],"replies":[{"embeddable":true,"href":"https:\/\/www.tes.as\/index.php?rest_route=%2Fwp%2Fv2%2Fcomments&post=64"}],"version-history":[{"count":15,"href":"https:\/\/www.tes.as\/index.php?rest_route=\/wp\/v2\/pages\/64\/revisions"}],"predecessor-version":[{"id":799,"href":"https:\/\/www.tes.as\/index.php?rest_route=\/wp\/v2\/pages\/64\/revisions\/799"}],"wp:attachment":[{"href":"https:\/\/www.tes.as\/index.php?rest_route=%2Fwp%2Fv2%2Fmedia&parent=64"}],"curies":[{"name":"wp","href":"https:\/\/api.w.org\/{rel}","templated":true}]}}