{"id":669,"date":"2021-11-30T11:16:15","date_gmt":"2021-11-30T11:16:15","guid":{"rendered":"http:\/\/www.tes.as\/?page_id=669"},"modified":"2023-02-18T13:35:45","modified_gmt":"2023-02-18T12:35:45","slug":"vinterlagring-av-bat-bobil-i-rubbhallen","status":"publish","type":"page","link":"https:\/\/www.tes.as\/?page_id=669","title":{"rendered":"Vinterlagring av b\u00e5t\/bobil i Rubbhallen"},"content":{"rendered":"\n<p>Tennfjord og Eidsvik Sm\u00e5b\u00e5tlaglag har gleden av \u00e5 kunne leie ut areal i Rubbhallen v\u00e5r for vinterlagring av b\u00e5ter og bobiler. Rubbhallen v\u00e5r er 20m x 12m med en enkelt isolert rubbhall. <\/p>\n\n\n\n<ul class=\"wp-block-list\"><li>Utleier har ingen ansvar utover objektet som er lagret i Rubbhallen til Tennfjord og Eidsvik Sm\u00e5b\u00e5tlag. <\/li><li> 50kr pr. kvm i mndpris.  <\/li><\/ul>\n\n\n\n<ul class=\"wp-block-list\"><li>Ta kontakt med nestformann@tes.as eller nestformann p\u00e5 telefon for n\u00e6rmere informasjon. <\/li><\/ul>\n\n\n\n<p><\/p>\n","protected":false},"excerpt":{"rendered":"<p>Tennfjord og Eidsvik Sm\u00e5b\u00e5tlaglag har gleden av \u00e5 kunne leie ut areal i Rubbhallen v\u00e5r for vinterlagring av b\u00e5ter og bobiler. Rubbhallen v\u00e5r er 20m x 12m med en enkelt isolert rubbhall. Utleier har ingen ansvar utover objektet som er&#8230; <a class=\"more-link\" href=\"https:\/\/www.tes.as\/?page_id=669\">Fortsett \u00e5 lese &rarr;<\/a><\/p>\n","protected":false},"author":3,"featured_media":0,"parent":0,"menu_order":0,"comment_status":"closed","ping_status":"closed","template":"","meta":{"footnotes":""},"class_list":["post-669","page","type-page","status-publish","hentry"],"_links":{"self":[{"href":"https:\/\/www.tes.as\/index.php?rest_route=\/wp\/v2\/pages\/669","targetHints":{"allow":["GET"]}}],"collection":[{"href":"https:\/\/www.tes.as\/index.php?rest_route=\/wp\/v2\/pages"}],"about":[{"href":"https:\/\/www.tes.as\/index.php?rest_route=\/wp\/v2\/types\/page"}],"author":[{"embeddable":true,"href":"https:\/\/www.tes.as\/index.php?rest_route=\/wp\/v2\/users\/3"}],"replies":[{"embeddable":true,"href":"https:\/\/www.tes.as\/index.php?rest_route=%2Fwp%2Fv2%2Fcomments&post=669"}],"version-history":[{"count":2,"href":"https:\/\/www.tes.as\/index.php?rest_route=\/wp\/v2\/pages\/669\/revisions"}],"predecessor-version":[{"id":792,"href":"https:\/\/www.tes.as\/index.php?rest_route=\/wp\/v2\/pages\/669\/revisions\/792"}],"wp:attachment":[{"href":"https:\/\/www.tes.as\/index.php?rest_route=%2Fwp%2Fv2%2Fmedia&parent=669"}],"curies":[{"name":"wp","href":"https:\/\/api.w.org\/{rel}","templated":true}]}}