{"id":70,"date":"2015-04-01T19:08:44","date_gmt":"2015-04-01T19:08:44","guid":{"rendered":"http:\/\/www.tes.as\/?page_id=70"},"modified":"2025-06-09T14:21:14","modified_gmt":"2025-06-09T13:21:14","slug":"utleie-av-slipp","status":"publish","type":"page","link":"https:\/\/www.tes.as\/?page_id=70","title":{"rendered":"Utleie av slipp for ikke medlemmer"},"content":{"rendered":"<p>For ikke- medlemmer s\u00e5 tilbyr Tennfjord &amp; Eidsvik Sm\u00e5tb\u00e5tlag utleie av slipp m\/vogn.<\/p>\n<p>Priser ved utleie av slipp for ikke medlemmer se <strong>prislisten \u00a713<\/strong> under fanen <a href=\"http:\/\/www.tes.as\/?page_id=366\">Hamnereglement.<\/a><\/p>\n<p>Priser for utleie av slipp kun for sj\u00f8setting for ikke medlemmer<br \/>\nfinnes ogs\u00e5 i <strong>prislisten \u00a713<\/strong> under menyen <a href=\"http:\/\/www.tes.as\/?page_id=366\">Hamnereglement.<\/a><\/p>\n<p><strong>Dette skal overf\u00f8res til kontonummer 3901.30.53271\/ Vipps #964653<\/strong><\/p>\n<p>Ved leie\/bruk av slippen eller vogn, skal det sendes skriftlig henvendelse til <span style=\"color: #3366ff;\"><a href=\"mailto:nestformann@tes.as\">nestformann@tes.as<\/a>.<\/span><\/p>\n<p>NB! For opptak og utsetting av b\u00e5ter ved bruk av slippvogn, m\u00e5 dette gj\u00f8res fra ca to timer f\u00f8r flo til to timer etter flo.<\/p>\n<p><iframe loading=\"lazy\" style=\"border-width: 0;\" src=\"https:\/\/calendar.google.com\/calendar\/embed?title=Reservering%20av%20b%C3%A5tvogn%20%2F%20slipp&amp;showPrint=0&amp;showCalendars=0&amp;showTz=0&amp;height=600&amp;wkst=2&amp;hl=no&amp;bgcolor=%2366cccc&amp;src=tennfjordogeidsviksmabatlag%40gmail.com&amp;color=%231B887A&amp;ctz=Europe%2FOslo\" width=\"800\" height=\"600\" frameborder=\"0\" scrolling=\"no\"><\/iframe><a href=\"https:\/\/calendar.google.com\/calendar\/embed?src=tennfjordogeidsviksmabatlag%40gmail.com&amp;ctz=Europe\/Oslo\">Fullskjerms-visning<\/a><\/p>\n","protected":false},"excerpt":{"rendered":"<p>For ikke- medlemmer s\u00e5 tilbyr Tennfjord &amp; Eidsvik Sm\u00e5tb\u00e5tlag utleie av slipp m\/vogn. Priser ved utleie av slipp for ikke medlemmer se prislisten \u00a713 under fanen Hamnereglement. Priser for utleie av slipp kun for sj\u00f8setting for ikke medlemmer finnes ogs\u00e5&#8230; <a class=\"more-link\" href=\"https:\/\/www.tes.as\/?page_id=70\">Fortsett \u00e5 lese &rarr;<\/a><\/p>\n","protected":false},"author":3,"featured_media":0,"parent":0,"menu_order":0,"comment_status":"closed","ping_status":"open","template":"","meta":{"footnotes":""},"class_list":["post-70","page","type-page","status-publish","hentry"],"_links":{"self":[{"href":"https:\/\/www.tes.as\/index.php?rest_route=\/wp\/v2\/pages\/70","targetHints":{"allow":["GET"]}}],"collection":[{"href":"https:\/\/www.tes.as\/index.php?rest_route=\/wp\/v2\/pages"}],"about":[{"href":"https:\/\/www.tes.as\/index.php?rest_route=\/wp\/v2\/types\/page"}],"author":[{"embeddable":true,"href":"https:\/\/www.tes.as\/index.php?rest_route=\/wp\/v2\/users\/3"}],"replies":[{"embeddable":true,"href":"https:\/\/www.tes.as\/index.php?rest_route=%2Fwp%2Fv2%2Fcomments&post=70"}],"version-history":[{"count":22,"href":"https:\/\/www.tes.as\/index.php?rest_route=\/wp\/v2\/pages\/70\/revisions"}],"predecessor-version":[{"id":868,"href":"https:\/\/www.tes.as\/index.php?rest_route=\/wp\/v2\/pages\/70\/revisions\/868"}],"wp:attachment":[{"href":"https:\/\/www.tes.as\/index.php?rest_route=%2Fwp%2Fv2%2Fmedia&parent=70"}],"curies":[{"name":"wp","href":"https:\/\/api.w.org\/{rel}","templated":true}]}}